{"id":4764,"date":"2022-09-07T13:45:00","date_gmt":"2022-09-07T13:45:00","guid":{"rendered":"https:\/\/landing.hinno.ch\/telechargements\/"},"modified":"2022-11-23T16:11:06","modified_gmt":"2022-11-23T16:11:06","slug":"telechargements","status":"publish","type":"page","link":"https:\/\/landing.hinno.ch\/fr\/telechargements\/","title":{"rendered":"T\u00e9l\u00e9chargements"},"content":{"rendered":"\t\t<div data-elementor-type=\"wp-page\" data-elementor-id=\"4764\" class=\"elementor elementor-4764 elementor-3353\" data-elementor-post-type=\"page\">\n\t\t\t\t\t\t<section class=\"elementor-section elementor-top-section elementor-element elementor-element-8893159 elementor-section-stretched elementor-section-boxed elementor-section-height-default elementor-section-height-default\" data-id=\"8893159\" data-element_type=\"section\" data-settings=\"{&quot;stretch_section&quot;:&quot;section-stretched&quot;}\">\n\t\t\t\t\t\t<div class=\"elementor-container elementor-column-gap-default\">\n\t\t\t\t\t<div class=\"elementor-column elementor-col-100 elementor-top-column elementor-element elementor-element-369ab10\" data-id=\"369ab10\" data-element_type=\"column\">\n\t\t\t<div class=\"elementor-widget-wrap elementor-element-populated\">\n\t\t\t\t\t\t<div class=\"elementor-element elementor-element-f9661fc elementor-widget elementor-widget-image\" data-id=\"f9661fc\" data-element_type=\"widget\" data-widget_type=\"image.default\">\n\t\t\t\t<div class=\"elementor-widget-container\">\n\t\t\t<style>\/*! elementor - v3.19.0 - 07-02-2024 *\/\n.elementor-widget-image{text-align:center}.elementor-widget-image a{display:inline-block}.elementor-widget-image a img[src$=\".svg\"]{width:48px}.elementor-widget-image img{vertical-align:middle;display:inline-block}<\/style>\t\t\t\t\t\t\t\t\t\t<img fetchpriority=\"high\" decoding=\"async\" width=\"1280\" height=\"718\" src=\"https:\/\/landing.hinno.ch\/wp-content\/uploads\/2022\/11\/hinno-clic-cliquer-homeslide.jpg\" class=\"attachment-full size-full wp-image-6608\" alt=\"\" srcset=\"https:\/\/landing.hinno.ch\/wp-content\/uploads\/2022\/11\/hinno-clic-cliquer-homeslide.jpg 1280w, https:\/\/landing.hinno.ch\/wp-content\/uploads\/2022\/11\/hinno-clic-cliquer-homeslide-300x168.jpg 300w, https:\/\/landing.hinno.ch\/wp-content\/uploads\/2022\/11\/hinno-clic-cliquer-homeslide-1024x574.jpg 1024w, https:\/\/landing.hinno.ch\/wp-content\/uploads\/2022\/11\/hinno-clic-cliquer-homeslide-768x431.jpg 768w\" sizes=\"(max-width: 1280px) 100vw, 1280px\" \/>\t\t\t\t\t\t\t\t\t\t\t\t\t<\/div>\n\t\t\t\t<\/div>\n\t\t\t\t\t<\/div>\n\t\t<\/div>\n\t\t\t\t\t<\/div>\n\t\t<\/section>\n\t\t\t\t<section class=\"elementor-section elementor-top-section elementor-element elementor-element-8fefb59 elementor-section-boxed elementor-section-height-default elementor-section-height-default\" data-id=\"8fefb59\" data-element_type=\"section\">\n\t\t\t\t\t\t<div class=\"elementor-container elementor-column-gap-default\">\n\t\t\t\t\t<div class=\"elementor-column elementor-col-100 elementor-top-column elementor-element elementor-element-839de3b\" data-id=\"839de3b\" data-element_type=\"column\">\n\t\t\t<div class=\"elementor-widget-wrap elementor-element-populated\">\n\t\t\t\t\t\t<div class=\"elementor-element elementor-element-886f4f0 elementor-widget elementor-widget-spacer\" data-id=\"886f4f0\" data-element_type=\"widget\" data-widget_type=\"spacer.default\">\n\t\t\t\t<div class=\"elementor-widget-container\">\n\t\t\t<style>\/*! elementor - v3.19.0 - 07-02-2024 *\/\n.elementor-column .elementor-spacer-inner{height:var(--spacer-size)}.e-con{--container-widget-width:100%}.e-con-inner>.elementor-widget-spacer,.e-con>.elementor-widget-spacer{width:var(--container-widget-width,var(--spacer-size));--align-self:var(--container-widget-align-self,initial);--flex-shrink:0}.e-con-inner>.elementor-widget-spacer>.elementor-widget-container,.e-con>.elementor-widget-spacer>.elementor-widget-container{height:100%;width:100%}.e-con-inner>.elementor-widget-spacer>.elementor-widget-container>.elementor-spacer,.e-con>.elementor-widget-spacer>.elementor-widget-container>.elementor-spacer{height:100%}.e-con-inner>.elementor-widget-spacer>.elementor-widget-container>.elementor-spacer>.elementor-spacer-inner,.e-con>.elementor-widget-spacer>.elementor-widget-container>.elementor-spacer>.elementor-spacer-inner{height:var(--container-widget-height,var(--spacer-size))}.e-con-inner>.elementor-widget-spacer.elementor-widget-empty,.e-con>.elementor-widget-spacer.elementor-widget-empty{position:relative;min-height:22px;min-width:22px}.e-con-inner>.elementor-widget-spacer.elementor-widget-empty .elementor-widget-empty-icon,.e-con>.elementor-widget-spacer.elementor-widget-empty .elementor-widget-empty-icon{position:absolute;top:0;bottom:0;left:0;right:0;margin:auto;padding:0;width:22px;height:22px}<\/style>\t\t<div class=\"elementor-spacer\">\n\t\t\t<div class=\"elementor-spacer-inner\"><\/div>\n\t\t<\/div>\n\t\t\t\t<\/div>\n\t\t\t\t<\/div>\n\t\t\t\t\t<\/div>\n\t\t<\/div>\n\t\t\t\t\t<\/div>\n\t\t<\/section>\n\t\t\t\t<section class=\"elementor-section elementor-top-section elementor-element elementor-element-7266cc3 elementor-section-boxed elementor-section-height-default elementor-section-height-default\" data-id=\"7266cc3\" data-element_type=\"section\">\n\t\t\t\t\t\t<div class=\"elementor-container elementor-column-gap-default\">\n\t\t\t\t\t<div class=\"elementor-column elementor-col-100 elementor-top-column elementor-element elementor-element-56e0cc3\" data-id=\"56e0cc3\" data-element_type=\"column\">\n\t\t\t<div class=\"elementor-widget-wrap\">\n\t\t\t\t\t\t\t<\/div>\n\t\t<\/div>\n\t\t\t\t\t<\/div>\n\t\t<\/section>\n\t\t\t\t<section class=\"elementor-section elementor-top-section elementor-element elementor-element-fe0eb27 elementor-section-boxed elementor-section-height-default elementor-section-height-default\" data-id=\"fe0eb27\" data-element_type=\"section\">\n\t\t\t\t\t\t<div class=\"elementor-container elementor-column-gap-default\">\n\t\t\t\t\t<div class=\"elementor-column elementor-col-100 elementor-top-column elementor-element elementor-element-3ad2933\" data-id=\"3ad2933\" data-element_type=\"column\">\n\t\t\t<div class=\"elementor-widget-wrap elementor-element-populated\">\n\t\t\t\t\t\t<div class=\"elementor-element elementor-element-81fe640 elementor-widget elementor-widget-text-editor\" data-id=\"81fe640\" data-element_type=\"widget\" data-widget_type=\"text-editor.default\">\n\t\t\t\t<div class=\"elementor-widget-container\">\n\t\t\t<style>\/*! elementor - v3.19.0 - 07-02-2024 *\/\n.elementor-widget-text-editor.elementor-drop-cap-view-stacked .elementor-drop-cap{background-color:#69727d;color:#fff}.elementor-widget-text-editor.elementor-drop-cap-view-framed .elementor-drop-cap{color:#69727d;border:3px solid;background-color:transparent}.elementor-widget-text-editor:not(.elementor-drop-cap-view-default) .elementor-drop-cap{margin-top:8px}.elementor-widget-text-editor:not(.elementor-drop-cap-view-default) .elementor-drop-cap-letter{width:1em;height:1em}.elementor-widget-text-editor .elementor-drop-cap{float:left;text-align:center;line-height:1;font-size:50px}.elementor-widget-text-editor .elementor-drop-cap-letter{display:inline-block}<\/style>\t\t\t\t<h1>T\u00e9l\u00e9chargements<\/h1>\n\t\t\t\t\t\t<\/div>\n\t\t\t\t<\/div>\n\t\t\t\t<div class=\"elementor-element elementor-element-c17ea40 PlusListe elementor-widget elementor-widget-text-editor\" data-id=\"c17ea40\" data-element_type=\"widget\" data-widget_type=\"text-editor.default\">\n\t\t\t\t<div class=\"elementor-widget-container\">\n\t\t\t\t\t\t\t<p>Sur cette page, vous trouverez toutes les informations importantes concernant notre gamme d\u2019accessoires pour rideaux HINNO Clic Original \u00e0 t\u00e9l\u00e9charger : PDF &#8211; tutoriels et instructions sp\u00e9cifiques aux produits.<\/p>\t\t\t\t\t\t<\/div>\n\t\t\t\t<\/div>\n\t\t\t\t\t<\/div>\n\t\t<\/div>\n\t\t\t\t\t<\/div>\n\t\t<\/section>\n\t\t\t\t<section class=\"elementor-section elementor-top-section elementor-element elementor-element-6293e9b elementor-section-boxed elementor-section-height-default elementor-section-height-default\" data-id=\"6293e9b\" data-element_type=\"section\">\n\t\t\t\t\t\t<div class=\"elementor-container elementor-column-gap-default\">\n\t\t\t\t\t<div class=\"elementor-column elementor-col-50 elementor-top-column elementor-element elementor-element-f558575\" data-id=\"f558575\" data-element_type=\"column\">\n\t\t\t<div class=\"elementor-widget-wrap elementor-element-populated\">\n\t\t\t\t\t\t<div class=\"elementor-element elementor-element-9fee44d elementor-widget elementor-widget-text-editor\" data-id=\"9fee44d\" data-element_type=\"widget\" data-widget_type=\"text-editor.default\">\n\t\t\t\t<div class=\"elementor-widget-container\">\n\t\t\t\t\t\t\t<h3>M\u00e9dias de base<\/h3>\n\t\t\t\t\t\t<\/div>\n\t\t\t\t<\/div>\n\t\t\t\t<div class=\"elementor-element elementor-element-5c69810 PlusListe elementor-widget elementor-widget-text-editor\" data-id=\"5c69810\" data-element_type=\"widget\" data-widget_type=\"text-editor.default\">\n\t\t\t\t<div class=\"elementor-widget-container\">\n\t\t\t\t\t\t\t<ul><li><a href=\"https:\/\/landing.hinno.ch\/wp-content\/uploads\/2022\/11\/Hinno-Clic-Catalogue-2022-FR.pdf\">Catalogue de produits<\/a><\/li><li><a href=\"https:\/\/landing.hinno.ch\/wp-content\/uploads\/2022\/10\/HINNO-Produkt-Ueberblick-2022.pdf\">Aper\u00e7u des produits<\/a><\/li><\/ul>\t\t\t\t\t\t<\/div>\n\t\t\t\t<\/div>\n\t\t\t\t<div class=\"elementor-element elementor-element-1323642 elementor-widget elementor-widget-text-editor\" data-id=\"1323642\" data-element_type=\"widget\" data-widget_type=\"text-editor.default\">\n\t\t\t\t<div class=\"elementor-widget-container\">\n\t\t\t\t\t\t\t<h3>Service<\/h3>\n\t\t\t\t\t\t<\/div>\n\t\t\t\t<\/div>\n\t\t\t\t<div class=\"elementor-element elementor-element-039fce9 PlusListe elementor-widget elementor-widget-text-editor\" data-id=\"039fce9\" data-element_type=\"widget\" data-widget_type=\"text-editor.default\">\n\t\t\t\t<div class=\"elementor-widget-container\">\n\t\t\t\t\t\t\t<ul><li><a href=\"https:\/\/landing.hinno.ch\/wp-content\/uploads\/2022\/09\/Hinno-Clic-Muenztabelle-Download.pdf\">Table des monnaies<\/a> (d\u00e9termination de la taille des rails)<\/li><li><a href=\"https:\/\/landing.hinno.ch\/wp-content\/uploads\/2022\/11\/Hinno-Clic-glisseur-crochet-confection.pdf\">Guide de confection glisseurs et crochets<\/a><\/li><\/ul>\t\t\t\t\t\t<\/div>\n\t\t\t\t<\/div>\n\t\t\t\t\t<\/div>\n\t\t<\/div>\n\t\t\t\t<div class=\"elementor-column elementor-col-50 elementor-top-column elementor-element elementor-element-f8bf608\" data-id=\"f8bf608\" data-element_type=\"column\">\n\t\t\t<div class=\"elementor-widget-wrap elementor-element-populated\">\n\t\t\t\t\t\t<div class=\"elementor-element elementor-element-d2dd8e6 elementor-widget elementor-widget-text-editor\" data-id=\"d2dd8e6\" data-element_type=\"widget\" data-widget_type=\"text-editor.default\">\n\t\t\t\t<div class=\"elementor-widget-container\">\n\t\t\t\t\t\t\t<h3>Instructions sur les produits<\/h3>\n\t\t\t\t\t\t<\/div>\n\t\t\t\t<\/div>\n\t\t\t\t<div class=\"elementor-element elementor-element-aa5db26 PlusListe elementor-widget elementor-widget-text-editor\" data-id=\"aa5db26\" data-element_type=\"widget\" data-widget_type=\"text-editor.default\">\n\t\t\t\t<div class=\"elementor-widget-container\">\n\t\t\t\t\t\t\t<p><strong>Clic Assist aide an montage<\/strong><\/p><ul><li><a href=\"https:\/\/landing.hinno.ch\/wp-content\/uploads\/2022\/10\/Clic-Assist-HE-Q.pdf\">Clic Assist HE-Q<\/a>\u00a0pour glisseurs Clic \u00e1 \u0153illet transversal<\/li><li><a href=\"https:\/\/landing.hinno.ch\/wp-content\/uploads\/2022\/10\/Clic-Assist-HE-L.pdf\">Clic Assist HE-L<\/a> pour glisseurs Clic \u00e1 \u0153illet longitudinal<\/li><\/ul>\t\t\t\t\t\t<\/div>\n\t\t\t\t<\/div>\n\t\t\t\t<div class=\"elementor-element elementor-element-341bc13 PlusListe elementor-widget elementor-widget-text-editor\" data-id=\"341bc13\" data-element_type=\"widget\" data-widget_type=\"text-editor.default\">\n\t\t\t\t<div class=\"elementor-widget-container\">\n\t\t\t\t\t\t\t<p><strong>Clic Panel Syst\u00e8mes pour panneaux japonais. Sets<\/strong><\/p><ul><li><a href=\"https:\/\/landing.hinno.ch\/wp-content\/uploads\/2022\/08\/Anleitung_Hinno_Clic-Panel_HF11_07_2022_V1_SCREEN.pdf\">Clic Panel HF 11<\/a>\u00a0: chariot pour panneaux japonais avec ourlets (PDF page 2)<\/li><li><a href=\"https:\/\/landing.hinno.ch\/wp-content\/uploads\/2022\/08\/Anleitung_Hinno_Clic-Panel_HF12_07_2022_V1_SCREEN.pdf\">Clic Panel HF 12<\/a>\u00a0: chariot pour panneaux japonais avec bande velcro (PDF page 2)<\/li><li><a href=\"https:\/\/landing.hinno.ch\/wp-content\/uploads\/2022\/08\/Anleitung_Hinno_Clic-Panel_HF14_07_2022_V1_SCREEN.pdf\">Clic Panel HF 14<\/a>\u00a0 : chariot pour panneaux japonais avec bande velcro, recommand\u00e9 pour largeur \u2265 80cm (PDF page 2)<\/li><li><a href=\"https:\/\/landing.hinno.ch\/wp-content\/uploads\/2022\/08\/Anleitung_Hinno_Clic-Panel_HF16_070_2022_V1_SCREEN.pdf\">Clic Panel HF 16 <\/a>: barre de lestage ext\u00e9rieure \u00e0 cliquer<\/li><\/ul>\t\t\t\t\t\t<\/div>\n\t\t\t\t<\/div>\n\t\t\t\t<div class=\"elementor-element elementor-element-c9e4f2c PlusListe elementor-widget elementor-widget-text-editor\" data-id=\"c9e4f2c\" data-element_type=\"widget\" data-widget_type=\"text-editor.default\">\n\t\t\t\t<div class=\"elementor-widget-container\">\n\t\t\t\t\t\t\t<p><strong>Syst\u00e8mes pour rideaux \u00e1 vagues<\/strong><\/p><ul><li><a href=\"https:\/\/landing.hinno.ch\/wp-content\/uploads\/2022\/11\/Anleitung-Curve-1_1-FR.pdf\">Clic Curve 1.1<\/a> : Syst\u00e8me \u00e0 vagues pour rails SIXO 6 avec crochets amovibles<\/li><li><a href=\"https:\/\/landing.hinno.ch\/wp-content\/uploads\/2022\/11\/Anleitung-Curve-2_0-FR.pdf\">Clic Curve 2.0<\/a> : Syst\u00e8me \u00e0 vagues pour rails SIXO 6 avec glisseurs et crochets fix\u00e9s<\/li><\/ul>\t\t\t\t\t\t<\/div>\n\t\t\t\t<\/div>\n\t\t\t\t<div class=\"elementor-element elementor-element-a8baf93 PlusListe elementor-widget elementor-widget-text-editor\" data-id=\"a8baf93\" data-element_type=\"widget\" data-widget_type=\"text-editor.default\">\n\t\t\t\t<div class=\"elementor-widget-container\">\n\t\t\t\t\t\t\t<p><strong>Autres instructions sur les produits<\/strong><\/p><ul><li>Pince \u00e0 encocher\u00a0<a href=\"https:\/\/landing.hinno.ch\/wp-content\/uploads\/2022\/10\/Hinno-300x200-Ausklinkzange-Beileger.pdf\">Clic Release<\/a><\/li><\/ul>\t\t\t\t\t\t<\/div>\n\t\t\t\t<\/div>\n\t\t\t\t\t<\/div>\n\t\t<\/div>\n\t\t\t\t\t<\/div>\n\t\t<\/section>\n\t\t\t\t<section class=\"elementor-section elementor-top-section elementor-element elementor-element-fe22ae5 elementor-section-boxed elementor-section-height-default elementor-section-height-default\" data-id=\"fe22ae5\" data-element_type=\"section\">\n\t\t\t\t\t\t<div class=\"elementor-container elementor-column-gap-default\">\n\t\t\t\t\t<div class=\"elementor-column elementor-col-100 elementor-top-column elementor-element elementor-element-fad0c39\" data-id=\"fad0c39\" data-element_type=\"column\">\n\t\t\t<div class=\"elementor-widget-wrap elementor-element-populated\">\n\t\t\t\t\t\t<div class=\"elementor-element elementor-element-3463455 elementor-widget elementor-widget-spacer\" data-id=\"3463455\" data-element_type=\"widget\" data-widget_type=\"spacer.default\">\n\t\t\t\t<div class=\"elementor-widget-container\">\n\t\t\t\t\t<div class=\"elementor-spacer\">\n\t\t\t<div class=\"elementor-spacer-inner\"><\/div>\n\t\t<\/div>\n\t\t\t\t<\/div>\n\t\t\t\t<\/div>\n\t\t\t\t\t<\/div>\n\t\t<\/div>\n\t\t\t\t\t<\/div>\n\t\t<\/section>\n\t\t\t\t<\/div>\n\t\t","protected":false},"excerpt":{"rendered":"<p>T\u00e9l\u00e9chargements Sur cette page, vous trouverez toutes les informations importantes concernant notre gamme d\u2019accessoires pour rideaux HINNO Clic Original \u00e0 t\u00e9l\u00e9charger : PDF &#8211; tutoriels et instructions sp\u00e9cifiques aux produits. M\u00e9dias de base Catalogue de produits Aper\u00e7u des produits Service Table des monnaies (d\u00e9termination de la taille des rails) Guide de confection glisseurs et crochets [&hellip;]<\/p>\n","protected":false},"author":3,"featured_media":0,"parent":0,"menu_order":0,"comment_status":"closed","ping_status":"closed","template":"","meta":[],"acf":[],"_links":{"self":[{"href":"https:\/\/landing.hinno.ch\/fr\/wp-json\/wp\/v2\/pages\/4764"}],"collection":[{"href":"https:\/\/landing.hinno.ch\/fr\/wp-json\/wp\/v2\/pages"}],"about":[{"href":"https:\/\/landing.hinno.ch\/fr\/wp-json\/wp\/v2\/types\/page"}],"author":[{"embeddable":true,"href":"https:\/\/landing.hinno.ch\/fr\/wp-json\/wp\/v2\/users\/3"}],"replies":[{"embeddable":true,"href":"https:\/\/landing.hinno.ch\/fr\/wp-json\/wp\/v2\/comments?post=4764"}],"version-history":[{"count":2,"href":"https:\/\/landing.hinno.ch\/fr\/wp-json\/wp\/v2\/pages\/4764\/revisions"}],"predecessor-version":[{"id":7469,"href":"https:\/\/landing.hinno.ch\/fr\/wp-json\/wp\/v2\/pages\/4764\/revisions\/7469"}],"wp:attachment":[{"href":"https:\/\/landing.hinno.ch\/fr\/wp-json\/wp\/v2\/media?parent=4764"}],"curies":[{"name":"wp","href":"https:\/\/api.w.org\/{rel}","templated":true}]}}